{"id":5156,"date":"2024-10-25T16:13:21","date_gmt":"2024-10-25T14:13:21","guid":{"rendered":"https:\/\/shiftingeconomy.brussels\/greengov-une-meilleure-gouvernance-pour-les-strategies-de-financement-durable-des-regions-europeennes\/"},"modified":"2024-10-25T16:15:20","modified_gmt":"2024-10-25T14:15:20","slug":"greengov-une-meilleure-gouvernance-pour-les-strategies-de-financement-durable-des-regions-europeennes","status":"publish","type":"page","link":"https:\/\/shiftingeconomy.brussels\/nl\/greengov-une-meilleure-gouvernance-pour-les-strategies-de-financement-durable-des-regions-europeennes\/","title":{"rendered":"GreenGov: een beter bestuur voor duurzame financieringsstrategie\u00ebn van Europese regio&#8217;s\u00a0"},"content":{"rendered":"\n<p>Het Interreg Europe project GREENGOV (GREEN finance and Do No Significant Harm principle implementation for a better regional GOVernance) wordt geleid door de regio Ile-de-France en omvat acht territoriale partners en een onderzoekscentrum uit heel Europa om Europese regio&#8217;s en lokale overheden te helpen bij de implementatie van de EU Taxonomie en het verbeteren van het bestuur van hun financieringsregelingen.&nbsp;&nbsp;<\/p>\n\n\n\n<p>Op 16 en 17 april organiseerde het Nedersaksische Ministerie voor Federale en Europese Zaken en Regionale Ontwikkeling in Hannover (Duitsland) de startbijeenkomst van GreenGov, een door Interreg Europe gefinancierd project dat wordt geleid door de regio Ile-de-France en dat tot doel heeft Europese regio&#8217;s en lokale overheden te helpen bij het implementeren van de EU-taxonomie in hun overheidsbeleid en bij het verbeteren van het bestuur van hun financieringsregelingen.&nbsp;<\/p>\n\n\n\n<p>Op de bijeenkomst waren delegaties van elke projectpartner aanwezig: Regio Ile-de-France (Frankrijk), het grootstedelijk gebied Lissabon (Portugal), Regio Lombardije (Itali\u00eb), Regionaal Ontwikkelingsagentschap Zuid-West Oltenia (Roemeni\u00eb), Nedersaksisch Ministerie voor Federale en Europese Zaken en Regionale Ontwikkeling (Duitsland), Brussels Hoofdstedelijk Gewest (Belgi\u00eb), Regionaal Ontwikkelingsagentschap Noord-West (Roemeni\u00eb), Zuid-Moravisch Agentschap voor Publieke Innovatie JINAG (Tsjechi\u00eb) en Consorzio Poliedra (Itali\u00eb), een onderzoekscentrum van de Polytechnische Universiteit van Milaan in de rol van adviserende partner.&nbsp;<\/p>\n\n\n\n<p>Het project richt zich op acht beleidsinstrumenten: vier regionale EFRO-programma&#8217;s, een strategie voor groene financiering, een strategie voor economisch bestuur, een ontwikkelingsstrategie en een regionale klimaatstrategie. In Hannover zijn de partners begonnen met het verzamelen van verschillende perspectieven en ervaringen over de projectonderwerpen door in groepen te werken. Het Do No Significant Harm-principe, klimaatbestendigheid van infrastructuren, energie-effici\u00ebntie en klimaatadaptatie vormden de primaire focus van de discussie over het ontwerpen van een gemeenschappelijk en robuust proces om regionale en lokale strategie\u00ebn aan te passen aan het EU Taxonomie-raamwerk. Een uitdagend doel dat de partners willen bereiken door het uitwisselen van goede praktijken en het opstellen van richtlijnen ter ondersteuning van capaciteitsopbouw en bewustmaking over groene financieringsmechanismen.&nbsp;<\/p>\n\n\n\n<p>&#8220;Financieringsprogramma&#8217;s schrikken potenti\u00eble projectpartners voor het juiste doel te vaak af met hoge drempels of valse prikkels\u201d zei Nedersaksisch minister van Europese Zaken Wiebke Osigus, terwijl ze de aanpak van GreenGov waardeerde tijdens haar bezoek aan de projectbijeenkomst. \u201cDit brengt de diversiteit van onze programma&#8217;s in gevaar. Goed regionaal beleid heeft praktische oplossingen nodig. Ik kijk daarom uit naar de resultaten van deze Europese samenwerking.&#8221;&nbsp;<\/p>\n\n\n\n<p>De onmiddellijke volgende stappen van het project omvatten het voorleggen van een enqu\u00eate over de &#8220;Stand van zaken op het gebied van groene financiering&#8221; aan de partners en enkele van hun belanghebbenden, om zoveel mogelijk gegevens te verzamelen op basis waarvan het werk kan beginnen in de herfst, wanneer het partnerschap deze keer opnieuw bijeenkomt in Craiova (Zuidwest Olteni\u00eb, Roemeni\u00eb). In de volgende fasen van het project zullen de partners hun richtlijnen ook in de praktijk brengen om groene budgettering te onderzoeken, waarbij de instrumenten van het begrotingsbeleid worden gebruikt om hun investeringen om te buigen naar duurzame prioriteiten, en om regionale kaders voor groene obligaties en andere innovatieve financi\u00eble instrumenten te ontwikkelen om milieudoelen te bereiken. Het project zal vier jaar duren, tot 2028.&nbsp;<\/p>\n","protected":false},"excerpt":{"rendered":"<p>Het Interreg Europe project GREENGOV (GREEN finance and Do No Significant Harm principle implementation for [&hellip;]<\/p>\n","protected":false},"author":8,"featured_media":0,"parent":0,"menu_order":0,"comment_status":"closed","ping_status":"closed","template":"","meta":{"_acf_changed":false,"footnotes":""},"class_list":["post-5156","page","type-page","status-publish","hentry"],"acf":[],"yoast_head":"<!-- This site is optimized with the Yoast SEO Premium plugin v18.4 (Yoast SEO v25.3) - https:\/\/yoast.com\/wordpress\/plugins\/seo\/ -->\n<title>GreenGov: een beter bestuur voor duurzame financieringsstrategie\u00ebn van Europese regio&#039;s\u00a0 - Shifting Economy<\/title>\n<meta name=\"robots\" content=\"index, follow, max-snippet:-1, max-image-preview:large, max-video-preview:-1\" \/>\n<link rel=\"canonical\" href=\"https:\/\/shiftingeconomy.brussels\/nl\/greengov-une-meilleure-gouvernance-pour-les-strategies-de-financement-durable-des-regions-europeennes\/\" \/>\n<meta property=\"og:locale\" content=\"nl_NL\" \/>\n<meta property=\"og:type\" content=\"article\" \/>\n<meta property=\"og:title\" content=\"GreenGov: een beter bestuur voor duurzame financieringsstrategie\u00ebn van Europese regio&#039;s\u00a0\" \/>\n<meta property=\"og:description\" content=\"Het Interreg Europe project GREENGOV (GREEN finance and Do No Significant Harm principle implementation for [&hellip;]\" \/>\n<meta property=\"og:url\" content=\"https:\/\/shiftingeconomy.brussels\/nl\/greengov-une-meilleure-gouvernance-pour-les-strategies-de-financement-durable-des-regions-europeennes\/\" \/>\n<meta property=\"og:site_name\" content=\"Shifting Economy\" \/>\n<meta property=\"article:modified_time\" content=\"2024-10-25T14:15:20+00:00\" \/>\n<meta property=\"og:image\" content=\"https:\/\/shiftingeconomy.brussels\/wp-content\/uploads\/2022\/04\/shifting-sn.jpg\" \/>\n\t<meta property=\"og:image:width\" content=\"1500\" \/>\n\t<meta property=\"og:image:height\" content=\"1056\" \/>\n\t<meta property=\"og:image:type\" content=\"image\/jpeg\" \/>\n<meta name=\"twitter:card\" content=\"summary_large_image\" \/>\n<meta name=\"twitter:site\" content=\"@Shifting_Bru\" \/>\n<meta name=\"twitter:label1\" content=\"Geschatte leestijd\" \/>\n\t<meta name=\"twitter:data1\" content=\"3 minuten\" \/>\n<script type=\"application\/ld+json\" class=\"yoast-schema-graph\">{\"@context\":\"https:\/\/schema.org\",\"@graph\":[{\"@type\":\"WebPage\",\"@id\":\"https:\/\/shiftingeconomy.brussels\/nl\/greengov-une-meilleure-gouvernance-pour-les-strategies-de-financement-durable-des-regions-europeennes\/\",\"url\":\"https:\/\/shiftingeconomy.brussels\/nl\/greengov-une-meilleure-gouvernance-pour-les-strategies-de-financement-durable-des-regions-europeennes\/\",\"name\":\"GreenGov: een beter bestuur voor duurzame financieringsstrategie\u00ebn van Europese regio's\u00a0 - Shifting Economy\",\"isPartOf\":{\"@id\":\"https:\/\/shiftingeconomy.brussels\/#website\"},\"datePublished\":\"2024-10-25T14:13:21+00:00\",\"dateModified\":\"2024-10-25T14:15:20+00:00\",\"breadcrumb\":{\"@id\":\"https:\/\/shiftingeconomy.brussels\/nl\/greengov-une-meilleure-gouvernance-pour-les-strategies-de-financement-durable-des-regions-europeennes\/#breadcrumb\"},\"inLanguage\":\"nl-NL\",\"potentialAction\":[{\"@type\":\"ReadAction\",\"target\":[\"https:\/\/shiftingeconomy.brussels\/nl\/greengov-une-meilleure-gouvernance-pour-les-strategies-de-financement-durable-des-regions-europeennes\/\"]}]},{\"@type\":\"BreadcrumbList\",\"@id\":\"https:\/\/shiftingeconomy.brussels\/nl\/greengov-une-meilleure-gouvernance-pour-les-strategies-de-financement-durable-des-regions-europeennes\/#breadcrumb\",\"itemListElement\":[{\"@type\":\"ListItem\",\"position\":1,\"name\":\"Accueil\",\"item\":\"https:\/\/shiftingeconomy.brussels\/nl\/\"},{\"@type\":\"ListItem\",\"position\":2,\"name\":\"GreenGov: een beter bestuur voor duurzame financieringsstrategie\u00ebn van Europese regio&#8217;s\u00a0\"}]},{\"@type\":\"WebSite\",\"@id\":\"https:\/\/shiftingeconomy.brussels\/#website\",\"url\":\"https:\/\/shiftingeconomy.brussels\/\",\"name\":\"Shifting Economy\",\"description\":\"Ensemble, vers l&#039;\u00e9conomie de demain\",\"potentialAction\":[{\"@type\":\"SearchAction\",\"target\":{\"@type\":\"EntryPoint\",\"urlTemplate\":\"https:\/\/shiftingeconomy.brussels\/?s={search_term_string}\"},\"query-input\":{\"@type\":\"PropertyValueSpecification\",\"valueRequired\":true,\"valueName\":\"search_term_string\"}}],\"inLanguage\":\"nl-NL\"}]}<\/script>\n<!-- \/ Yoast SEO Premium plugin. -->","yoast_head_json":{"title":"GreenGov: een beter bestuur voor duurzame financieringsstrategie\u00ebn van Europese regio's\u00a0 - Shifting Economy","robots":{"index":"index","follow":"follow","max-snippet":"max-snippet:-1","max-image-preview":"max-image-preview:large","max-video-preview":"max-video-preview:-1"},"canonical":"https:\/\/shiftingeconomy.brussels\/nl\/greengov-une-meilleure-gouvernance-pour-les-strategies-de-financement-durable-des-regions-europeennes\/","og_locale":"nl_NL","og_type":"article","og_title":"GreenGov: een beter bestuur voor duurzame financieringsstrategie\u00ebn van Europese regio's\u00a0","og_description":"Het Interreg Europe project GREENGOV (GREEN finance and Do No Significant Harm principle implementation for [&hellip;]","og_url":"https:\/\/shiftingeconomy.brussels\/nl\/greengov-une-meilleure-gouvernance-pour-les-strategies-de-financement-durable-des-regions-europeennes\/","og_site_name":"Shifting Economy","article_modified_time":"2024-10-25T14:15:20+00:00","og_image":[{"width":1500,"height":1056,"url":"https:\/\/shiftingeconomy.brussels\/wp-content\/uploads\/2022\/04\/shifting-sn.jpg","type":"image\/jpeg"}],"twitter_card":"summary_large_image","twitter_site":"@Shifting_Bru","twitter_misc":{"Geschatte leestijd":"3 minuten"},"schema":{"@context":"https:\/\/schema.org","@graph":[{"@type":"WebPage","@id":"https:\/\/shiftingeconomy.brussels\/nl\/greengov-une-meilleure-gouvernance-pour-les-strategies-de-financement-durable-des-regions-europeennes\/","url":"https:\/\/shiftingeconomy.brussels\/nl\/greengov-une-meilleure-gouvernance-pour-les-strategies-de-financement-durable-des-regions-europeennes\/","name":"GreenGov: een beter bestuur voor duurzame financieringsstrategie\u00ebn van Europese regio's\u00a0 - Shifting Economy","isPartOf":{"@id":"https:\/\/shiftingeconomy.brussels\/#website"},"datePublished":"2024-10-25T14:13:21+00:00","dateModified":"2024-10-25T14:15:20+00:00","breadcrumb":{"@id":"https:\/\/shiftingeconomy.brussels\/nl\/greengov-une-meilleure-gouvernance-pour-les-strategies-de-financement-durable-des-regions-europeennes\/#breadcrumb"},"inLanguage":"nl-NL","potentialAction":[{"@type":"ReadAction","target":["https:\/\/shiftingeconomy.brussels\/nl\/greengov-une-meilleure-gouvernance-pour-les-strategies-de-financement-durable-des-regions-europeennes\/"]}]},{"@type":"BreadcrumbList","@id":"https:\/\/shiftingeconomy.brussels\/nl\/greengov-une-meilleure-gouvernance-pour-les-strategies-de-financement-durable-des-regions-europeennes\/#breadcrumb","itemListElement":[{"@type":"ListItem","position":1,"name":"Accueil","item":"https:\/\/shiftingeconomy.brussels\/nl\/"},{"@type":"ListItem","position":2,"name":"GreenGov: een beter bestuur voor duurzame financieringsstrategie\u00ebn van Europese regio&#8217;s\u00a0"}]},{"@type":"WebSite","@id":"https:\/\/shiftingeconomy.brussels\/#website","url":"https:\/\/shiftingeconomy.brussels\/","name":"Shifting Economy","description":"Ensemble, vers l&#039;\u00e9conomie de demain","potentialAction":[{"@type":"SearchAction","target":{"@type":"EntryPoint","urlTemplate":"https:\/\/shiftingeconomy.brussels\/?s={search_term_string}"},"query-input":{"@type":"PropertyValueSpecification","valueRequired":true,"valueName":"search_term_string"}}],"inLanguage":"nl-NL"}]}},"_links":{"self":[{"href":"https:\/\/shiftingeconomy.brussels\/nl\/wp-json\/wp\/v2\/pages\/5156","targetHints":{"allow":["GET"]}}],"collection":[{"href":"https:\/\/shiftingeconomy.brussels\/nl\/wp-json\/wp\/v2\/pages"}],"about":[{"href":"https:\/\/shiftingeconomy.brussels\/nl\/wp-json\/wp\/v2\/types\/page"}],"author":[{"embeddable":true,"href":"https:\/\/shiftingeconomy.brussels\/nl\/wp-json\/wp\/v2\/users\/8"}],"replies":[{"embeddable":true,"href":"https:\/\/shiftingeconomy.brussels\/nl\/wp-json\/wp\/v2\/comments?post=5156"}],"version-history":[{"count":1,"href":"https:\/\/shiftingeconomy.brussels\/nl\/wp-json\/wp\/v2\/pages\/5156\/revisions"}],"predecessor-version":[{"id":5157,"href":"https:\/\/shiftingeconomy.brussels\/nl\/wp-json\/wp\/v2\/pages\/5156\/revisions\/5157"}],"wp:attachment":[{"href":"https:\/\/shiftingeconomy.brussels\/nl\/wp-json\/wp\/v2\/media?parent=5156"}],"curies":[{"name":"wp","href":"https:\/\/api.w.org\/{rel}","templated":true}]}}