{"id":4135,"date":"2024-07-31T12:55:41","date_gmt":"2024-07-31T10:55:41","guid":{"rendered":"https:\/\/shiftingeconomy.brussels\/week-2024-comptabilite\/"},"modified":"2024-08-22T15:05:25","modified_gmt":"2024-08-22T13:05:25","slug":"week-2024-comptabilite","status":"publish","type":"page","link":"https:\/\/shiftingeconomy.brussels\/nl\/week-2024-comptabilite\/","title":{"rendered":"Beroepstak boekhouding en financi\u00ebn &#8211; 25\/09"},"content":{"rendered":"\n<p>Duurzaamheid en winstgevendheid kunnen perfect naast elkaar bestaan. Als financieel of boekhoudkundig verantwoordelijke kunt u uw bedrijf helpen om klimaat- en sociale uitdagingen aan te pakken, terwijl u tegelijkertijd de economische veerkracht waarborgt. Hoe zo dan? Een paar voorbeelden: door duurzaamheidsfactoren op te nemen in investeringsbeslissingen en bedrijfsstrategie\u00ebn; door klimaatrisico\u2019s en andere duurzaamheidsrisico\u2019s te identificeren en integreren in financi\u00eble modellen; door financiering te vinden voor duurzame projecten en initiatieven; \u2026 .<\/p>\n\n\n\n<p>Heeft u interesse in deze onderwerpen? Sluit u dan aan bij onze reeks evenementen over de transitie in de financi\u00eble en boekhoudkundige sector. Experts, solidaire financiers en ondernemers geven u de inzichten die u nodig hebt om antwoorden te vinden op vragen zoals:<\/p>\n\n\n\n<ul class=\"wp-block-list\">\n<li>Hoe kan u duurzame onderneming winstgevend maken?<\/li>\n\n\n\n<li>Hoe kunnen duurzame bedrijfsstrategie\u00ebn de financi\u00eble en andere risico&#8217;s van ondernemen helpen te beperken?<\/li>\n\n\n\n<li>Hoe u de sociale en ecologische prestaties kan meenemen in de boekhouding?<\/li>\n\n\n\n<li>Welke financieringsmogelijkheden zijn er voor duurzame ondernemingen?<\/li>\n\n\n\n<li><\/li>\n<\/ul>\n\n\n\n<p>Als financi\u00eble professional en accountant speelt u een cruciale rol bij het bevorderen van duurzaamheid in bedrijven en de bredere, Brusselse economie!&nbsp;<br>Schrijf u dus in voor \u00e9\u00e9n of meerdere sessies en leer hoe boekhouding en financi\u00eble beslissingen doorslaggevend kunnen zijn in de duurzame transitie van uw organisatie!<\/p>\n\n\n\n<div class=\"wp-block-buttons is-layout-flex wp-block-buttons-is-layout-flex\">\n<div class=\"wp-block-button\"><a class=\"wp-block-button__link wp-element-button\" href=\"https:\/\/www.eventleaf.com\/e\/shiftingeconomyweek_25-09\" target=\"_blank\" rel=\"noreferrer noopener\">Schrijf u in voor de sessies van de dag<\/a><\/div>\n<\/div>\n","protected":false},"excerpt":{"rendered":"<p>Duurzaamheid en winstgevendheid kunnen perfect naast elkaar bestaan. Als financieel of boekhoudkundig verantwoordelijke kunt u [&hellip;]<\/p>\n","protected":false},"author":1,"featured_media":0,"parent":0,"menu_order":0,"comment_status":"closed","ping_status":"closed","template":"templates\/tpl-week-2024-theme.php","meta":{"_acf_changed":false,"footnotes":""},"class_list":["post-4135","page","type-page","status-publish","hentry"],"acf":[],"yoast_head":"<!-- This site is optimized with the Yoast SEO Premium plugin v18.4 (Yoast SEO v25.3) - https:\/\/yoast.com\/wordpress\/plugins\/seo\/ -->\n<title>Beroepstak boekhouding en financi\u00ebn - 25\/09 - Shifting Economy<\/title>\n<meta name=\"robots\" content=\"index, follow, max-snippet:-1, max-image-preview:large, max-video-preview:-1\" \/>\n<link rel=\"canonical\" href=\"https:\/\/shiftingeconomy.brussels\/nl\/week-2024-comptabilite\/\" \/>\n<meta property=\"og:locale\" content=\"nl_NL\" \/>\n<meta property=\"og:type\" content=\"article\" \/>\n<meta property=\"og:title\" content=\"Beroepstak boekhouding en financi\u00ebn - 25\/09\" \/>\n<meta property=\"og:description\" content=\"Duurzaamheid en winstgevendheid kunnen perfect naast elkaar bestaan. Als financieel of boekhoudkundig verantwoordelijke kunt u [&hellip;]\" \/>\n<meta property=\"og:url\" content=\"https:\/\/shiftingeconomy.brussels\/nl\/week-2024-comptabilite\/\" \/>\n<meta property=\"og:site_name\" content=\"Shifting Economy\" \/>\n<meta property=\"article:modified_time\" content=\"2024-08-22T13:05:25+00:00\" \/>\n<meta property=\"og:image\" content=\"https:\/\/shiftingeconomy.brussels\/wp-content\/uploads\/2022\/04\/shifting-sn.jpg\" \/>\n\t<meta property=\"og:image:width\" content=\"1500\" \/>\n\t<meta property=\"og:image:height\" content=\"1056\" \/>\n\t<meta property=\"og:image:type\" content=\"image\/jpeg\" \/>\n<meta name=\"twitter:card\" content=\"summary_large_image\" \/>\n<meta name=\"twitter:site\" content=\"@Shifting_Bru\" \/>\n<meta name=\"twitter:label1\" content=\"Geschatte leestijd\" \/>\n\t<meta name=\"twitter:data1\" content=\"2 minuten\" \/>\n<script type=\"application\/ld+json\" class=\"yoast-schema-graph\">{\"@context\":\"https:\/\/schema.org\",\"@graph\":[{\"@type\":\"WebPage\",\"@id\":\"https:\/\/shiftingeconomy.brussels\/nl\/week-2024-comptabilite\/\",\"url\":\"https:\/\/shiftingeconomy.brussels\/nl\/week-2024-comptabilite\/\",\"name\":\"Beroepstak boekhouding en financi\u00ebn - 25\/09 - Shifting Economy\",\"isPartOf\":{\"@id\":\"https:\/\/shiftingeconomy.brussels\/#website\"},\"datePublished\":\"2024-07-31T10:55:41+00:00\",\"dateModified\":\"2024-08-22T13:05:25+00:00\",\"breadcrumb\":{\"@id\":\"https:\/\/shiftingeconomy.brussels\/nl\/week-2024-comptabilite\/#breadcrumb\"},\"inLanguage\":\"nl-NL\",\"potentialAction\":[{\"@type\":\"ReadAction\",\"target\":[\"https:\/\/shiftingeconomy.brussels\/nl\/week-2024-comptabilite\/\"]}]},{\"@type\":\"BreadcrumbList\",\"@id\":\"https:\/\/shiftingeconomy.brussels\/nl\/week-2024-comptabilite\/#breadcrumb\",\"itemListElement\":[{\"@type\":\"ListItem\",\"position\":1,\"name\":\"Accueil\",\"item\":\"https:\/\/shiftingeconomy.brussels\/nl\/\"},{\"@type\":\"ListItem\",\"position\":2,\"name\":\"Beroepstak boekhouding en financi\u00ebn &#8211; 25\/09\"}]},{\"@type\":\"WebSite\",\"@id\":\"https:\/\/shiftingeconomy.brussels\/#website\",\"url\":\"https:\/\/shiftingeconomy.brussels\/\",\"name\":\"Shifting Economy\",\"description\":\"Ensemble, vers l&#039;\u00e9conomie de demain\",\"potentialAction\":[{\"@type\":\"SearchAction\",\"target\":{\"@type\":\"EntryPoint\",\"urlTemplate\":\"https:\/\/shiftingeconomy.brussels\/?s={search_term_string}\"},\"query-input\":{\"@type\":\"PropertyValueSpecification\",\"valueRequired\":true,\"valueName\":\"search_term_string\"}}],\"inLanguage\":\"nl-NL\"}]}<\/script>\n<!-- \/ Yoast SEO Premium plugin. -->","yoast_head_json":{"title":"Beroepstak boekhouding en financi\u00ebn - 25\/09 - Shifting Economy","robots":{"index":"index","follow":"follow","max-snippet":"max-snippet:-1","max-image-preview":"max-image-preview:large","max-video-preview":"max-video-preview:-1"},"canonical":"https:\/\/shiftingeconomy.brussels\/nl\/week-2024-comptabilite\/","og_locale":"nl_NL","og_type":"article","og_title":"Beroepstak boekhouding en financi\u00ebn - 25\/09","og_description":"Duurzaamheid en winstgevendheid kunnen perfect naast elkaar bestaan. Als financieel of boekhoudkundig verantwoordelijke kunt u [&hellip;]","og_url":"https:\/\/shiftingeconomy.brussels\/nl\/week-2024-comptabilite\/","og_site_name":"Shifting Economy","article_modified_time":"2024-08-22T13:05:25+00:00","og_image":[{"width":1500,"height":1056,"url":"https:\/\/shiftingeconomy.brussels\/wp-content\/uploads\/2022\/04\/shifting-sn.jpg","type":"image\/jpeg"}],"twitter_card":"summary_large_image","twitter_site":"@Shifting_Bru","twitter_misc":{"Geschatte leestijd":"2 minuten"},"schema":{"@context":"https:\/\/schema.org","@graph":[{"@type":"WebPage","@id":"https:\/\/shiftingeconomy.brussels\/nl\/week-2024-comptabilite\/","url":"https:\/\/shiftingeconomy.brussels\/nl\/week-2024-comptabilite\/","name":"Beroepstak boekhouding en financi\u00ebn - 25\/09 - Shifting Economy","isPartOf":{"@id":"https:\/\/shiftingeconomy.brussels\/#website"},"datePublished":"2024-07-31T10:55:41+00:00","dateModified":"2024-08-22T13:05:25+00:00","breadcrumb":{"@id":"https:\/\/shiftingeconomy.brussels\/nl\/week-2024-comptabilite\/#breadcrumb"},"inLanguage":"nl-NL","potentialAction":[{"@type":"ReadAction","target":["https:\/\/shiftingeconomy.brussels\/nl\/week-2024-comptabilite\/"]}]},{"@type":"BreadcrumbList","@id":"https:\/\/shiftingeconomy.brussels\/nl\/week-2024-comptabilite\/#breadcrumb","itemListElement":[{"@type":"ListItem","position":1,"name":"Accueil","item":"https:\/\/shiftingeconomy.brussels\/nl\/"},{"@type":"ListItem","position":2,"name":"Beroepstak boekhouding en financi\u00ebn &#8211; 25\/09"}]},{"@type":"WebSite","@id":"https:\/\/shiftingeconomy.brussels\/#website","url":"https:\/\/shiftingeconomy.brussels\/","name":"Shifting Economy","description":"Ensemble, vers l&#039;\u00e9conomie de demain","potentialAction":[{"@type":"SearchAction","target":{"@type":"EntryPoint","urlTemplate":"https:\/\/shiftingeconomy.brussels\/?s={search_term_string}"},"query-input":{"@type":"PropertyValueSpecification","valueRequired":true,"valueName":"search_term_string"}}],"inLanguage":"nl-NL"}]}},"_links":{"self":[{"href":"https:\/\/shiftingeconomy.brussels\/nl\/wp-json\/wp\/v2\/pages\/4135","targetHints":{"allow":["GET"]}}],"collection":[{"href":"https:\/\/shiftingeconomy.brussels\/nl\/wp-json\/wp\/v2\/pages"}],"about":[{"href":"https:\/\/shiftingeconomy.brussels\/nl\/wp-json\/wp\/v2\/types\/page"}],"author":[{"embeddable":true,"href":"https:\/\/shiftingeconomy.brussels\/nl\/wp-json\/wp\/v2\/users\/1"}],"replies":[{"embeddable":true,"href":"https:\/\/shiftingeconomy.brussels\/nl\/wp-json\/wp\/v2\/comments?post=4135"}],"version-history":[{"count":6,"href":"https:\/\/shiftingeconomy.brussels\/nl\/wp-json\/wp\/v2\/pages\/4135\/revisions"}],"predecessor-version":[{"id":4467,"href":"https:\/\/shiftingeconomy.brussels\/nl\/wp-json\/wp\/v2\/pages\/4135\/revisions\/4467"}],"wp:attachment":[{"href":"https:\/\/shiftingeconomy.brussels\/nl\/wp-json\/wp\/v2\/media?parent=4135"}],"curies":[{"name":"wp","href":"https:\/\/api.w.org\/{rel}","templated":true}]}}